{"id":565,"date":"2019-10-29T14:05:36","date_gmt":"2019-10-29T13:05:36","guid":{"rendered":"https:\/\/www.katharinabackhaus.de\/?page_id=565"},"modified":"2023-11-23T22:50:54","modified_gmt":"2023-11-23T21:50:54","slug":"projekt","status":"publish","type":"page","link":"https:\/\/www.katharinabackhaus.de\/index.php\/projekt\/","title":{"rendered":"Projekt"},"content":{"rendered":"\n<p>Pelz auf Sit<\/p>\n\n\n\n<figure class=\"wp-block-image\"><img loading=\"lazy\" decoding=\"async\" width=\"840\" height=\"630\" src=\"https:\/\/www.katharinabackhaus.de\/wp-content\/uploads\/2019\/11\/Adlerette.jpg\" alt=\"\" class=\"wp-image-701\" srcset=\"https:\/\/www.katharinabackhaus.de\/wp-content\/uploads\/2019\/11\/Adlerette.jpg 840w, https:\/\/www.katharinabackhaus.de\/wp-content\/uploads\/2019\/11\/Adlerette-300x225.jpg 300w, https:\/\/www.katharinabackhaus.de\/wp-content\/uploads\/2019\/11\/Adlerette-768x576.jpg 768w\" sizes=\"auto, (max-width: 840px) 100vw, 840px\" \/><\/figure>\n\n\n\n<p>Pelzm\u00e4ntel, die niemand mehr tragen m\u00f6chte. M\u00f6belst\u00fccke, die verlebt und von der Zeit gezeichnet sind. Beides sind Erinnerungsst\u00fccke. Aber auch Ressourcen. <\/p>\n\n\n\n<p>Sie finden in einem neuen Licht zusammen \u2013 und k\u00f6nnen jetzt wieder begeistern. Ich habe mich auf das Abenteuer eingelassen, erhaltenen Ressourcen mit meiner Kreativit\u00e4t, meinen handwerklichen F\u00e4higkeiten und meinem Wissen von traditionellen Methoden neues Leben einzuhauchen. Der Prozess des Designens und Gestaltens wird mit dem Schatz `alter\u00b4 Materialien verbunden. Haben auch Sie einen alten Schatz? Auf Anfrage designe ich ihn neu.<\/p>\n\n\n\n<p>Durch das Re-Design alter Materialien kreiere ich M\u00f6bel, die wirken, als w\u00e4ren sie schon immer so gewesen. So wachsen Stuhl und Mantel zu einem neuen, unverwechselbaren und stilvollen Objekt zusammen. <\/p>\n\n\n\n<figure class=\"wp-block-image size-large\"><img loading=\"lazy\" decoding=\"async\" width=\"1024\" height=\"332\" src=\"https:\/\/www.katharinabackhaus.de\/wp-content\/uploads\/2019\/11\/projekt_sw.jpg\" alt=\"\" class=\"wp-image-918\" srcset=\"https:\/\/www.katharinabackhaus.de\/wp-content\/uploads\/2019\/11\/projekt_sw.jpg 1024w, https:\/\/www.katharinabackhaus.de\/wp-content\/uploads\/2019\/11\/projekt_sw-300x97.jpg 300w, https:\/\/www.katharinabackhaus.de\/wp-content\/uploads\/2019\/11\/projekt_sw-768x249.jpg 768w\" sizes=\"auto, (max-width: 1024px) 100vw, 1024px\" \/><\/figure>\n\n\n\n<p><\/p>\n\n\n\n<p><\/p>\n\n\n\n<h2 class=\"wp-block-heading\">Projekt<\/h2>\n\n\n\n<p>Zero Waste Lederreste der M\u00f6belindustrie<\/p>\n\n\n\n<figure class=\"wp-block-image size-full\"><img loading=\"lazy\" decoding=\"async\" width=\"686\" height=\"503\" src=\"https:\/\/www.katharinabackhaus.de\/wp-content\/uploads\/2023\/11\/IMG_8310a.jpg\" alt=\"\" class=\"wp-image-1193\" srcset=\"https:\/\/www.katharinabackhaus.de\/wp-content\/uploads\/2023\/11\/IMG_8310a.jpg 686w, https:\/\/www.katharinabackhaus.de\/wp-content\/uploads\/2023\/11\/IMG_8310a-300x220.jpg 300w\" sizes=\"auto, (max-width: 686px) 100vw, 686px\" \/><\/figure>\n\n\n\n<p>In der M\u00f6belindustrie fallen j\u00e4hrlich viele Mengen an Lederresten an. Aus ganzen Fellen werden einzelne Teile f\u00fcr Sessel und Sofa gestanzt, es entstehen unterschiedlichste Reste die dort nicht mehr verwertet werden k\u00f6nnen. <\/p>\n\n\n\n<p> Inspiriert von den Methoden der Korbflechter habe ich eine neue Art von bequemen Sitzfl\u00e4chen entwickelt.<\/p>\n","protected":false},"excerpt":{"rendered":"<p>Pelz auf Sit Pelzm\u00e4ntel, die niemand mehr tragen m\u00f6chte. M\u00f6belst\u00fccke, die verlebt und von der Zeit gezeichnet sind. Beides sind Erinnerungsst\u00fccke. Aber auch Ressourcen. Sie finden in einem neuen Licht zusammen \u2013 und k\u00f6nnen jetzt wieder begeistern. Ich habe mich auf das Abenteuer eingelassen, erhaltenen Ressourcen mit meiner Kreativit\u00e4t, meinen handwerklichen F\u00e4higkeiten und meinem Wissen von traditionellen Methoden neues Leben einzuhauchen. Der Prozess des Designens und Gestaltens wird mit dem Schatz `alter\u00b4 Materialien verbunden. Haben auch Sie einen alten Schatz? Auf Anfrage designe ich ihn neu. Durch das Re-Design alter Materialien kreiere ich M\u00f6bel, die wirken, als w\u00e4ren sie schon immer so gewesen. So wachsen Stuhl und Mantel zu einem neuen, unverwechselbaren und stilvollen Objekt zusammen. Projekt Zero Waste Lederreste der M\u00f6belindustrie In der M\u00f6belindustrie fallen j\u00e4hrlich viele Mengen an Lederresten an. Aus ganzen Fellen werden einzelne Teile f\u00fcr Sessel und Sofa gestanzt, es entstehen unterschiedlichste Reste die dort nicht mehr verwertet werden k\u00f6nnen. Inspiriert von den Methoden der Korbflechter habe ich eine neue Art von bequemen Sitzfl\u00e4chen entwickelt.<\/p>\n","protected":false},"author":2,"featured_media":0,"parent":0,"menu_order":0,"comment_status":"closed","ping_status":"closed","template":"","meta":{"footnotes":""},"class_list":["post-565","page","type-page","status-publish","hentry"],"_links":{"self":[{"href":"https:\/\/www.katharinabackhaus.de\/index.php\/wp-json\/wp\/v2\/pages\/565","targetHints":{"allow":["GET"]}}],"collection":[{"href":"https:\/\/www.katharinabackhaus.de\/index.php\/wp-json\/wp\/v2\/pages"}],"about":[{"href":"https:\/\/www.katharinabackhaus.de\/index.php\/wp-json\/wp\/v2\/types\/page"}],"author":[{"embeddable":true,"href":"https:\/\/www.katharinabackhaus.de\/index.php\/wp-json\/wp\/v2\/users\/2"}],"replies":[{"embeddable":true,"href":"https:\/\/www.katharinabackhaus.de\/index.php\/wp-json\/wp\/v2\/comments?post=565"}],"version-history":[{"count":34,"href":"https:\/\/www.katharinabackhaus.de\/index.php\/wp-json\/wp\/v2\/pages\/565\/revisions"}],"predecessor-version":[{"id":1197,"href":"https:\/\/www.katharinabackhaus.de\/index.php\/wp-json\/wp\/v2\/pages\/565\/revisions\/1197"}],"wp:attachment":[{"href":"https:\/\/www.katharinabackhaus.de\/index.php\/wp-json\/wp\/v2\/media?parent=565"}],"curies":[{"name":"wp","href":"https:\/\/api.w.org\/{rel}","templated":true}]}}